{"id":806,"date":"2019-05-03T08:12:55","date_gmt":"2019-05-03T08:12:55","guid":{"rendered":"https:\/\/qualimaxx.de\/?page_id=806"},"modified":"2019-05-03T09:09:32","modified_gmt":"2019-05-03T09:09:32","slug":"impressum","status":"publish","type":"page","link":"https:\/\/qualimaxx.de\/index.php\/impressum\/","title":{"rendered":"Impressum"},"content":{"rendered":"\n<h3>Informationspflicht laut \u00a75 E-Commerce Gesetz, \u00a714 \nUnternehmensgesetzbuch, \u00a763 Gewerbeordnung und Offenlegungspflicht laut \n\u00a725 Mediengesetz:<\/h3>\n\n\n\n<p><\/p>\n\n\n\n<p>OfficeMaxx IBC GmbH<br> Team QualiMaxx \u2013 Agentur f\u00fcr Dialogmarketing<br> Gesch\u00e4ftsf\u00fchrerin: Annette Hill-Wolf<\/p>\n\n\n\n<p><\/p>\n\n\n\n<p><em>Hauptsitz<\/em><br> Industriestra\u00dfe 36<br> D-55543 Bad Kreuznach<\/p>\n\n\n\n<p><\/p>\n\n\n\n<p><em>Zweigniederlassung<\/em><br> Weidenbornstr. 8A<br> D-65189 Wiesbaden<\/p>\n\n\n\n<p><\/p>\n\n\n\n<p>Amtsgericht Bad Kreuznach; HRB 20593<br> Steuernummer: 06|650|1048|2<\/p>\n\n\n\n<h2>Kontakt:<\/h2>\n\n\n\n<table class=\"wp-block-table\"><tbody><tr><td>Telefon:<\/td><td>0611 565 92771<\/td><\/tr><tr><td>Telefax:<\/td><td>0611 565 92772<\/td><\/tr><tr><td>E-Mail:<\/td><td>kontakt@qualimaxx.de<\/td><\/tr><\/tbody><\/table>\n\n\n\n<h2>Umsatzsteuer-ID:<\/h2>\n\n\n\n<p>Umsatzsteuer-Identifikationsnummer gem\u00e4\u00df \u00a727 a Umsatzsteuergesetz:<br>\nDE262129077<\/p>\n\n\n\n<h2>Hinweis auf EU-Streitschlichtung<\/h2>\n\n\n\n<p>Die Europ\u00e4ische Kommission stellt eine Plattform zur Online-Streitbeilegung (OS) bereit: <a href=\"http:\/\/ec.europa.eu\/consumers\/odr\">http:\/\/ec.europa.eu\/consumers\/odr<\/a><br>\nUnsere E-Mail-Adresse finden sie oben im Impressum.<\/p>\n\n\n\n<p>Quelle: <em><a href=\"http:\/\/www.e-recht24.de\">http:\/\/www.e-recht24.de<\/a><\/em><\/p>\n\n\n\n<h1>Haftungsausschluss (Disclaimer)<\/h1>\n\n\n\n<p><strong>Haftung f\u00fcr Inhalte<\/strong><\/p>\n\n\n\n<p>Als Diensteanbieter sind wir gem\u00e4\u00df \u00a7 7 Abs.1 TMG f\u00fcr eigene Inhalte \nauf diesen Seiten nach den allgemeinen Gesetzen verantwortlich. Nach \u00a7\u00a7 8\n bis 10 TMG sind wir als Diensteanbieter jedoch nicht verpflichtet, \n\u00fcbermittelte oder gespeicherte fremde Informationen zu \u00fcberwachen oder \nnach Umst\u00e4nden zu forschen, die auf eine rechtswidrige T\u00e4tigkeit \nhinweisen. Verpflichtungen zur Entfernung oder Sperrung der Nutzung von \nInformationen nach den allgemeinen Gesetzen bleiben hiervon unber\u00fchrt. \nEine diesbez\u00fcgliche Haftung ist jedoch erst ab dem Zeitpunkt der \nKenntnis einer konkreten Rechtsverletzung m\u00f6glich. Bei Bekanntwerden von\n entsprechenden Rechtsverletzungen werden wir diese Inhalte umgehend \nentfernen.<\/p>\n\n\n\n<p><strong>Haftung f\u00fcr Links<\/strong><\/p>\n\n\n\n<p>Unser Angebot enth\u00e4lt Links zu externen Webseiten Dritter, auf deren \nInhalte wir keinen Einfluss haben. Deshalb k\u00f6nnen wir f\u00fcr diese fremden \nInhalte auch keine Gew\u00e4hr \u00fcbernehmen. F\u00fcr die Inhalte der verlinkten \nSeiten ist stets der jeweilige Anbieter oder Betreiber der Seiten \nverantwortlich. Die verlinkten Seiten wurden zum Zeitpunkt der \nVerlinkung auf m\u00f6gliche Rechtsverst\u00f6\u00dfe \u00fcberpr\u00fcft. Rechtswidrige Inhalte \nwaren zum Zeitpunkt der Verlinkung nicht erkennbar. Eine permanente \ninhaltliche Kontrolle der verlinkten Seiten ist jedoch ohne konkrete \nAnhaltspunkte einer Rechtsverletzung nicht zumutbar. Bei Bekanntwerden \nvon Rechtsverletzungen werden wir derartige Links umgehend entfernen.<\/p>\n\n\n\n<p><strong>Urheberrecht<\/strong><\/p>\n\n\n\n<p>Die durch die Seitenbetreiber erstellten Inhalte und Werke auf diesen\n Seiten unterliegen dem deutschen Urheberrecht. Die Vervielf\u00e4ltigung, \nBearbeitung, Verbreitung und jede Art der Verwertung au\u00dferhalb der \nGrenzen des Urheberrechtes bed\u00fcrfen der schriftlichen Zustimmung des \njeweiligen Autors bzw. Erstellers. Downloads und Kopien dieser Seite \nsind nur f\u00fcr den privaten, nicht kommerziellen Gebrauch gestattet. \nSoweit die Inhalte auf dieser Seite nicht vom Betreiber erstellt wurden,\n werden die Urheberrechte Dritter beachtet. Insbesondere werden Inhalte \nDritter als solche gekennzeichnet. Sollten Sie trotzdem auf eine \nUrheberrechtsverletzung aufmerksam werden, bitten wir um einen \nentsprechenden Hinweis. Bei Bekanntwerden von Rechtsverletzungen werden \nwir derartige Inhalte umgehend entfernen.<\/p>\n\n\n\n<h1>Datenschutzerkl\u00e4rung:<\/h1>\n\n\n\n<p><strong>Datenschutz<\/strong><\/p>\n\n\n\n<p>Die Betreiber dieser Seiten nehmen den Schutz Ihrer pers\u00f6nlichen \nDaten sehr ernst. Wir behandeln Ihre personenbezogenen Daten vertraulich\n und entsprechend der gesetzlichen Datenschutzvorschriften sowie dieser \nDatenschutzerkl\u00e4rung.<\/p>\n\n\n\n<p>Die Nutzung unserer Webseite ist in der Regel ohne Angabe \npersonenbezogener Daten m\u00f6glich. Soweit auf unseren Seiten \npersonenbezogene Daten (beispielsweise Name, Anschrift oder \nE-Mail-Adressen) erhoben werden, erfolgt dies, soweit m\u00f6glich, stets auf\n freiwilliger Basis. Diese Daten werden ohne Ihre ausdr\u00fcckliche \nZustimmung nicht an Dritte weitergegeben.<\/p>\n\n\n\n<p>Wir weisen darauf hin, dass die Daten\u00fcbertragung im Internet (z.B. \nbei der Kommunikation per E-Mail) Sicherheitsl\u00fccken aufweisen kann. Ein \nl\u00fcckenloser Schutz der Daten vor dem Zugriff durch Dritte ist nicht \nm\u00f6glich.<\/p>\n\n\n\n<p><strong>Datenschutzerkl\u00e4rung f\u00fcr die Nutzung von etracker<\/strong><\/p>\n\n\n\n<p>Unsere Webseite nutzt den Analysedienst etracker. Anbieter ist die etracker GmbH, Erste Brunnenstra\u00dfe 1 20459 Hamburg Germany.<br>\nAus den Daten k\u00f6nnen unter einem Pseudonym Nutzungsprofile erstellt \nwerden. Dazu k\u00f6nnen Cookies eingesetzt werden. Bei Cookies handelt es \nsich um kleine Textdateien, die lokal im Zwischenspeicher Ihres \nInternet-Browsers gespeichert werden. Die Cookies erm\u00f6glichen es, Ihren \nBrowser wieder zu erkennen. Die mit den etracker-Technologien erhobenen \nDaten werden ohne die gesondert erteilte Zustimmung des Betroffenen \nnicht genutzt, Besucher unserer Website pers\u00f6nlich zu identifizieren und\n werden nicht mit personenbezogenen Daten \u00fcber den Tr\u00e4ger des Pseudonyms\n zusammengef\u00fchrt.<\/p>\n\n\n\n<p>Der Datenerhebung und -speicherung k\u00f6nnen Sie jederzeit mit Wirkung \nf\u00fcr die Zukunft widersprechen. Um einer Datenerhebung und -speicherung \nIhrer Besucherdaten f\u00fcr die Zukunft zu widersprechen, k\u00f6nnen Sie unter \nnachfolgendem Link ein Opt-Out-Cookie von etracker beziehen, dieser \nbewirkt, dass zuk\u00fcnftig keine Besucherdaten Ihres Browsers bei etracker \nerhoben und gespeichert werden: <a href=\"http:\/\/www.etracker.de\/privacy?et=V23Jbb\">http:\/\/www.etracker.de\/privacy?et=V23Jbb<\/a><\/p>\n\n\n\n<p>Dadurch wird ein Opt-Out-Cookie mit dem Namen \u201ecntcookie\u201c von \netracker gesetzt. Bitte l\u00f6schen Sie diesen Cookie nicht, solange Sie \nIhren Widerspruch aufrecht erhalten m\u00f6chten. Weitere Informationen \nfinden Sie in den Datenschutzbestimmungen von etracker: <a href=\"http:\/\/www.etracker.com\/de\/datenschutz.html\">http:\/\/www.etracker.com\/de\/datenschutz.html<\/a><\/p>\n\n\n\n<p><strong>Datenschutzerkl\u00e4rung f\u00fcr die Nutzung von Facebook-Plugins (Like-Button)<\/strong><\/p>\n\n\n\n<p>Auf unseren Seiten sind Plugins des sozialen Netzwerks Facebook, \nAnbieter Facebook Inc., 1 Hacker Way, Menlo Park, California 94025, USA,\n integriert. Die Facebook-Plugins erkennen Sie an dem Facebook-Logo oder\n dem \u201eLike-Button\u201c (\u201eGef\u00e4llt mir\u201c) auf unserer Seite. Eine \u00dcbersicht \n\u00fcber die Facebook-Plugins finden Sie hier: <a href=\"http:\/\/developers.facebook.com\/docs\/plugins\/\">http:\/\/developers.facebook.com\/docs\/plugins\/<\/a>.<\/p>\n\n\n\n<p>Wenn Sie unsere Seiten besuchen, wird \u00fcber das Plugin eine direkte \nVerbindung zwischen Ihrem Browser und dem Facebook-Server hergestellt. \nFacebook erh\u00e4lt dadurch die Information, dass Sie mit Ihrer IP-Adresse \nunsere Seite besucht haben. Wenn Sie den Facebook \u201eLike-Button\u201c \nanklicken w\u00e4hrend Sie in Ihrem Facebook-Account eingeloggt sind, k\u00f6nnen \nSie die Inhalte unserer Seiten auf Ihrem Facebook-Profil verlinken. \nDadurch kann Facebook den Besuch unserer Seiten Ihrem Benutzerkonto \nzuordnen. Wir weisen darauf hin, dass wir als Anbieter der Seiten keine \nKenntnis vom Inhalt der \u00fcbermittelten Daten sowie deren Nutzung durch \nFacebook erhalten. Weitere Informationen hierzu finden Sie in der \nDatenschutzerkl\u00e4rung von Facebook unter <a href=\"http:\/\/de-de.facebook.com\/policy.php\">http:\/\/de-de.facebook.com\/policy.php<\/a>.<\/p>\n\n\n\n<p>Wenn Sie nicht w\u00fcnschen, dass Facebook den Besuch unserer Seiten \nIhrem Facebook- Nutzerkonto zuordnen kann, loggen Sie sich bitte aus \nIhrem Facebook-Benutzerkonto aus.<\/p>\n\n\n\n<p><strong>Datenschutzerkl\u00e4rung f\u00fcr die Nutzung von Google Analytics<\/strong><\/p>\n\n\n\n<p>Diese Website nutzt Funktionen des Webanalysedienstes Google \nAnalytics. Anbieter ist die Google Inc. 1600 Amphitheatre Parkway \nMountain View, CA 94043, USA. Google Analytics verwendet sog. \u201eCookies\u201c.\n Das sind Textdateien, die auf Ihrem Computer gespeichert werden und die\n eine Analyse der Benutzung der Website durch Sie erm\u00f6glichen. Die durch\n den Cookie erzeugten Informationen \u00fcber Ihre Benutzung dieser Website \nwerden in der Regel an einen Server von Google in den USA \u00fcbertragen und\n dort gespeichert.<\/p>\n\n\n\n<p>Im Falle der Aktivierung der IP-Anonymisierung auf dieser Webseite \nwird Ihre IP-Adresse von Google jedoch innerhalb von Mitgliedstaaten der\n Europ\u00e4ischen Union oder in anderen Vertragsstaaten des Abkommens \u00fcber \nden Europ\u00e4ischen Wirtschaftsraum zuvor gek\u00fcrzt. Nur in Ausnahmef\u00e4llen \nwird die volle IP-Adresse an einen Server von Google in den USA \n\u00fcbertragen und dort gek\u00fcrzt. Im Auftrag des Betreibers dieser Website \nwird Google diese Informationen benutzen, um Ihre Nutzung der Website \nauszuwerten, um Reports \u00fcber die Websiteaktivit\u00e4ten zusammenzustellen \nund um weitere mit der Websitenutzung und der Internetnutzung verbundene\n Dienstleistungen gegen\u00fcber dem Websitebetreiber zu erbringen. Die im \nRahmen von Google Analytics von Ihrem Browser \u00fcbermittelte IP-Adresse \nwird nicht mit anderen Daten von Google zusammengef\u00fchrt.<\/p>\n\n\n\n<p>Sie k\u00f6nnen die Speicherung der Cookies durch eine entsprechende \nEinstellung Ihrer Browser-Software verhindern; wir weisen Sie jedoch \ndarauf hin, dass Sie in diesem Fall gegebenenfalls nicht s\u00e4mtliche \nFunktionen dieser Website vollumf\u00e4nglich werden nutzen k\u00f6nnen. Sie \nk\u00f6nnen dar\u00fcber hinaus die Erfassung der durch das Cookie erzeugten und \nauf Ihre Nutzung der Website bezogenen Daten (inkl. Ihrer IP-Adresse) an\n Google sowie die Verarbeitung dieser Daten durch Google verhindern, \nindem sie das unter dem folgenden Link verf\u00fcgbare Browser-Plugin \nherunterladen und installieren: <a href=\"http:\/\/tools.google.com\/dlpage\/gaoptout?hl=de\">http:\/\/tools.google.com\/dlpage\/gaoptout?hl=de<\/a><\/p>\n\n\n\n<p><strong>Datenschutzerkl\u00e4rung f\u00fcr die Nutzung von Google +1<\/strong><\/p>\n\n\n\n<p>Unsere Seiten nutzen Funktionen von Google +1. Anbieter ist die \nGoogle Inc. 1600 Amphitheatre Parkway Mountain View, CA 94043, USA.<\/p>\n\n\n\n<p>Erfassung und Weitergabe von Informationen: Mithilfe der Google \n+1-Schaltfl\u00e4che k\u00f6nnen Sie Informationen weltweit ver\u00f6ffentlichen. \u00fcber \ndie Google +1-Schaltfl\u00e4che erhalten Sie und andere Nutzer \npersonalisierte Inhalte von Google und unseren Partnern. Google \nspeichert sowohl die Information, dass Sie f\u00fcr einen Inhalt +1 gegeben \nhaben, als auch Informationen \u00fcber die Seite, die Sie beim Klicken auf \n+1 angesehen haben. Ihre +1 k\u00f6nnen als Hinweise zusammen mit Ihrem \nProfilnamen und Ihrem Foto in Google-Diensten, wie etwa in \nSuchergebnissen oder in Ihrem Google-Profil, oder an anderen Stellen auf\n Websites und Anzeigen im Internet eingeblendet werden. Google zeichnet \nInformationen \u00fcber Ihre +1-Aktivit\u00e4ten auf, um die Google-Dienste f\u00fcr \nSie und andere zu verbessern. Um die Google +1-Schaltfl\u00e4che verwenden zu\n k\u00f6nnen, ben\u00f6tigen Sie ein weltweit sichtbares, \u00f6ffentliches \nGoogle-Profil, das zumindest den f\u00fcr das Profil gew\u00e4hlten Namen \nenthalten muss. Dieser Name wird in allen Google-Diensten verwendet. In \nmanchen F\u00e4llen kann dieser Name auch einen anderen Namen ersetzen, den \nSie beim Teilen von Inhalten \u00fcber Ihr Google-Konto verwendet haben. Die \nIdentit\u00e4t Ihres Google- Profils kann Nutzern angezeigt werden, die Ihre \nE-Mail-Adresse kennen oder \u00fcber andere identifizierende Informationen \nvon Ihnen verf\u00fcgen.<\/p>\n\n\n\n<p>Verwendung der erfassten Informationen: Neben den oben erl\u00e4uterten \nVerwendungszwecken werden die von Ihnen bereitgestellten Informationen \ngem\u00e4\u00df den geltenden Google-Datenschutzbestimmungen genutzt. Google \nver\u00f6ffentlicht m\u00f6glicherweise zusammengefasste Statistiken \u00fcber die \n+1-Aktivit\u00e4ten der Nutzer bzw. gibt diese an Nutzer und Partner weiter, \nwie etwa Publisher, Inserenten oder verbundene Websites.<\/p>\n\n\n\n<p><strong>Datenschutzerkl\u00e4rung f\u00fcr die Nutzung von Instagram<\/strong><\/p>\n\n\n\n<p>Auf unseren Seiten sind Funktionen des Dienstes Instagram \neingebunden. Diese Funktionen werden angeboten durch die Instagram Inc.,\n 1601 Willow Road, Menlo Park, CA, 94025, USA integriert. Wenn Sie in \nIhrem Instagram \u2013 Account eingeloggt sind k\u00f6nnen Sie durch Anklicken des\n Instagram \u2013 Buttons die Inhalte unserer Seiten mit Ihrem Instagram \u2013 \nProfil verlinken. Dadurch kann Instagram den Besuch unserer Seiten Ihrem\n Benutzerkonto zuordnen. Wir weisen darauf hin, dass wir als Anbieter \nder Seiten keine Kenntnis vom Inhalt der \u00fcbermittelten Daten sowie \nderen Nutzung durch Instagram erhalten.<\/p>\n\n\n\n<p>Weitere Informationen hierzu finden Sie in der Datenschutzerkl\u00e4rung von Instagram: <a href=\"http:\/\/instagram.com\/about\/legal\/privacy\/\">http:\/\/instagram.com\/about\/legal\/privacy\/<\/a><\/p>\n\n\n\n<p><strong>Datenschutzerkl\u00e4rung f\u00fcr die Nutzung von LinkedIn<\/strong><\/p>\n\n\n\n<p>Unsere Website nutzt Funktionen des Netzwerks LinkedIn. Anbieter ist \ndie LinkedIn Corporation, 2029 Stierlin Court, Mountain View, CA 94043, \nUSA. Bei jedem Abruf einer unserer Seiten, die Funktionen von LinkedIn \nenth\u00e4lt, wird eine Verbindung zu Servern von LinkedIn aufbaut. LinkedIn \nwird dar\u00fcber informiert, dass Sie unsere Internetseiten mit Ihrer \nIP-Adresse besucht haben. Wenn Sie den \u201eRecommend-Button\u201c von LinkedIn \nanklicken und in Ihrem Account bei LinkedIn eingeloggt sind, ist es \nLinkedIn m\u00f6glich, Ihren Besuch auf unserer Internetseite Ihnen und Ihrem\n Benutzerkonto zuzuordnen. Wir weisen darauf hin, dass wir als Anbieter \nder Seiten keine Kenntnis vom Inhalt der \u00fcbermittelten Daten sowie deren\n Nutzung durch LinkedIn haben.<\/p>\n\n\n\n<p>Weitere Informationen hierzu finden Sie in der Datenschutzerkl\u00e4rung von LinkedIn unter: <a href=\"https:\/\/www.linkedin.com\/legal\/privacy-policy\">https:\/\/www.linkedin.com\/legal\/privacy-policy<\/a><\/p>\n\n\n\n<p><strong>Datenschutzerkl\u00e4rung f\u00fcr die Nutzung von Pinterest<\/strong><\/p>\n\n\n\n<p>Auf unserer Seite verwenden wir Social Plugins des sozialen \nNetzwerkes Pinterest, das von der Pinterest Inc., 635 High Street, Palo \nAlto, CA, 94301, USA (\u201ePinterest\u201c) betrieben wird. Wenn Sie eine Seite \naufrufen die ein solches Plugin enth\u00e4lt, stellt Ihr Browser eine direkte\n Verbindung zu den Servern von Pinterest her. Das Plugin \u00fcbermittelt \ndabei Protokolldaten an den Server von Pinterest in die USA. Diese \nProtokolldaten enthalten m\u00f6glicherweise Ihre IP-Adresse, die Adresse der\n besuchten Websites, die ebenfalls Pinterest-Funktionen enthalten, Art \nund Einstellungen des Browsers, Datum und Zeitpunkt der Anfrage, Ihre \nVerwendungsweise von Pinterest sowie Cookies.<\/p>\n\n\n\n<p>Weitere Informationen zu Zweck, Umfang und weiterer Verarbeitung und \nNutzung der Daten durch Pinterest sowie Ihre diesbez\u00fcglichen Rechte und \nM\u00f6glichkeiten zum Schutz Ihrer Privatsph\u00e4re finden Sie in den den \nDatenschutzhinweisen von Pinterest: <a href=\"https:\/\/about.pinterest.com\/de\/privacy-policy\">https:\/\/about.pinterest.com\/de\/privacy-policy<\/a><\/p>\n\n\n\n<p><strong>Datenschutzerkl\u00e4rung f\u00fcr die Nutzung von Piwik<\/strong><\/p>\n\n\n\n<p>Diese Website benutzt den Open Source Webanalysedienst Piwik. Piwik \nverwendet sog. \u201eCookies\u201c. Das sind Textdateien, die auf Ihrem Computer \ngespeichert werden und die eine Analyse der Benutzung der Website durch \nSie erm\u00f6glichen. Dazu werden die durch den Cookie erzeugten \nInformationen \u00fcber die Benutzung dieser Website auf unserem Server \ngespeichert. Die IP-Adresse wird vor der Speicherung anonymisiert.<\/p>\n\n\n\n<p>Die durch den Cookie erzeugten Informationen \u00fcber die Benutzung \ndieser Website werden nicht an Dritte weitergegeben. Sie k\u00f6nnen die \nSpeicherung der Cookies durch eine entsprechende Einstellung Ihrer \nBrowser-Software verhindern; wir weisen Sie jedoch darauf hin, dass Sie \nin diesem Fall gegebenenfalls nicht s\u00e4mtliche Funktionen dieser Website \nvollumf\u00e4nglich werden nutzen k\u00f6nnen.<\/p>\n\n\n\n<p>Wenn Sie mit der Speicherung und Nutzung Ihrer Daten nicht \neinverstanden sind, k\u00f6nnen Sie die Speicherung und Nutzung hier \ndeaktivieren. In diesem Fall wird in Ihrem Browser ein Opt-Out-Cookie \nhinterlegt der verhindert, dass Piwik Nutzungsdaten speichert. Wenn Sie \nIhre Cookies l\u00f6schen hat dies zur Folge, dass auch das Piwik \nOpt-Out-Cookie gel\u00f6scht wird. Das Opt-Out muss bei einem erneuten Beuch \nunserer Seite wieder aktiviert werden.<\/p>\n\n\n\n<p><strong>Datenschutzerkl\u00e4rung f\u00fcr die Nutzung von Tumblr<\/strong><\/p>\n\n\n\n<p>Unsere Seiten nutzen Schaltfl\u00e4chen des Dienstes Tumblr. Anbieter ist \ndie Tumblr, Inc., 35 East 21st St, 10th Floor, New York, NY 10010, USA. \nDiese Schaltfl\u00e4chen erm\u00f6glichen es Ihnen, einen Beitrag oder eine Seite \nbei Tumblr zu teilen oder dem Anbieter bei Tumblr zu folgen. Wenn Sie \neine unserer Webseiten mit Tumblr-Button aufrufen, baut der Browser eine\n direkte Verbindung mit den Servern von Tumblr auf. Wir haben keinen \nEinfluss auf den Umfang der Daten, die Tumblr mit Hilfe dieses Plugins \nerhebt und \u00fcbermittelt. Nach aktuellem Stand werden die IP-Adresse des \nNutzers sowie die URL der jeweiligen Webseite \u00fcbermittelt.<\/p>\n\n\n\n<p>Weitere Informationen hierzu finden sich in der Datenschutzerkl\u00e4rung von Tumblr unter <a href=\"http:\/\/www.tumblr.com\/policy\/de\/privacy\">http:\/\/www.tumblr.com\/policy\/de\/privacy<\/a>.<\/p>\n\n\n\n<p><strong>Datenschutzerkl\u00e4rung f\u00fcr die Nutzung von Twitter<\/strong><\/p>\n\n\n\n<p>Auf unseren Seiten sind Funktionen des Dienstes Twitter eingebunden. \nDiese Funktionen werden angeboten durch die Twitter Inc., 1355 Market \nStreet, Suite 900, San Francisco, CA 94103, USA. Durch das Benutzen von \nTwitter und der Funktion \u201eRe-Tweet\u201c werden die von Ihnen besuchten \nWebseiten mit Ihrem Twitter-Account verkn\u00fcpft und anderen Nutzern \nbekannt gegeben. Dabei werden auch Daten an Twitter \u00fcbertragen. Wir \nweisen darauf hin, dass wir als Anbieter der Seiten keine Kenntnis vom \nInhalt der \u00fcbermittelten Daten sowie deren Nutzung durch Twitter \nerhalten. Weitere Informationen hierzu finden Sie in der \nDatenschutzerkl\u00e4rung von Twitter unter <a href=\"http:\/\/twitter.com\/privacy\">http:\/\/twitter.com\/privacy<\/a>.<\/p>\n\n\n\n<p>Ihre Datenschutzeinstellungen bei Twitter k\u00f6nnen Sie in den Konto-Einstellungen unter <a href=\"http:\/\/twitter.com\/account\/settings\">http:\/\/twitter.com\/account\/settings<\/a> \u00e4ndern.<\/p>\n\n\n\n<p><strong>Datenschutzerkl\u00e4rung f\u00fcr die Nutzung von Xing<\/strong><\/p>\n\n\n\n<p>Unsere Webseite nutzt Funktionen des Netzwerks XING. Anbieter ist die\n XING AG, Dammtorstra\u00dfe 29-32, 20354 Hamburg, Deutschland. Bei jedem \nAbruf einer unserer Seiten, die Funktionen von Xing enth\u00e4lt, wird eine \nVerbindung zu Servern von Xing hergestellt. Eine Speicherung von \npersonenbezogenen Daten erfolgt dabei nach unserer Kenntnis nicht. \nInsbesondere werden keine IP-Adressen gespeichert oder das \nNutzungsverhalten ausgewertet.<\/p>\n\n\n\n<p>Weitere Information zum Datenschutz und dem Xing Share-Button finden Sie in der Datenschutzerkl\u00e4rung von Xing unter <a href=\"https:\/\/www.xing.com\/app\/share?op=data_protection\">https:\/\/www.xing.com\/app\/share?op=data_protection<\/a><\/p>\n\n\n\n<p><strong>Auskunft, L\u00f6schung, Sperrung<\/strong><\/p>\n\n\n\n<p>Sie haben jederzeit das Recht auf unentgeltliche Auskunft \u00fcber Ihre \ngespeicherten personenbezogenen Daten, deren Herkunft und Empf\u00e4nger und \nden Zweck der Datenverarbeitung sowie ein Recht auf Berichtigung, \nSperrung oder L\u00f6schung dieser Daten. Hierzu sowie zu weiteren Fragen zum\n Thema personenbezogene Daten k\u00f6nnen Sie sich jederzeit unter der im \nImpressum angegebenen Adresse an uns wenden.<\/p>\n\n\n\n<p><strong>Cookies<\/strong><\/p>\n\n\n\n<p>Die Internetseiten verwenden teilweise so genannte Cookies. Cookies \nrichten auf Ihrem Rechner keinen Schaden an und enthalten keine Viren. \nCookies dienen dazu, unser Angebot nutzerfreundlicher, effektiver und \nsicherer zu machen. Cookies sind kleine Textdateien, die auf Ihrem \nRechner abgelegt werden und die Ihr Browser speichert.<\/p>\n\n\n\n<p>Die meisten der von uns verwendeten Cookies sind so genannte \n\u201eSession-Cookies\u201c. Sie werden nach Ende Ihres Besuchs automatisch \ngel\u00f6scht. Andere Cookies bleiben auf Ihrem Endger\u00e4t gespeichert, bis Sie\n diese l\u00f6schen. Diese Cookies erm\u00f6glichen es uns, Ihren Browser beim \nn\u00e4chsten Besuch wiederzuerkennen.<\/p>\n\n\n\n<p>Sie k\u00f6nnen Ihren Browser so einstellen, dass Sie \u00fcber das Setzen von \nCookies informiert werden und Cookies nur im Einzelfall erlauben, die \nAnnahme von Cookies f\u00fcr bestimmte F\u00e4lle oder generell ausschlie\u00dfen sowie\n das automatische L\u00f6schen der Cookies beim Schlie\u00dfen des Browser \naktivieren. Bei der Deaktivierung von Cookies kann die Funktionalit\u00e4t \ndieser Website eingeschr\u00e4nkt sein.<\/p>\n\n\n\n<p><strong>Server-Log-Files<\/strong><\/p>\n\n\n\n<p>Der Provider der Seiten erhebt und speichert automatisch \nInformationen in so genannten Server-Log Files, die Ihr Browser \nautomatisch an uns \u00fcbermittelt. Dies sind:<\/p>\n\n\n\n<ul><li>Browsertyp\/ Browserversion<\/li><li>verwendetes Betriebssystem<\/li><li>Referrer URL<\/li><li>Hostname des zugreifenden Rechners<\/li><li>Uhrzeit der Serveranfrage<\/li><\/ul>\n\n\n\n<p>Diese Daten sind nicht bestimmten Personen zuordenbar. Eine \nZusammenf\u00fchrung dieser Daten mit anderen Datenquellen wird nicht \nvorgenommen. Wir behalten uns vor, diese Daten nachtr\u00e4glich zu pr\u00fcfen, \nwenn uns konkrete Anhaltspunkte f\u00fcr eine rechtswidrige Nutzung bekannt \nwerden.<\/p>\n\n\n\n<p><strong>Kontaktformular<\/strong><\/p>\n\n\n\n<p>Wenn Sie uns per Kontaktformular Anfragen zukommen lassen, werden \nIhre Angaben aus dem Anfrageformular inklusive der von Ihnen dort \nangegebenen Kontaktdaten zwecks Bearbeitung der Anfrage und f\u00fcr den Fall\n von Anschlussfragen bei uns gespeichert. Diese Daten geben wir nicht \nohne Ihre Einwilligung weiter.<\/p>\n\n\n\n<p><strong>Widerspruch Werbe-Mails<\/strong><\/p>\n\n\n\n<p>Der Nutzung von im Rahmen der Impressumspflicht ver\u00f6ffentlichten \nKontaktdaten zur \u00dcbersendung von nicht ausdr\u00fccklich angeforderter \nWerbung und Informationsmaterialien wird hiermit widersprochen. Die \nBetreiber der Seiten behalten sich ausdr\u00fccklich rechtliche Schritte im \nFalle der unverlangten Zusendung von Werbeinformationen, etwa durch \nSpam-E-Mails, vor.<\/p>\n\n\n\n<p><strong>Newsletterdaten<\/strong><\/p>\n\n\n\n<p>Wenn Sie den auf der Webseite angebotenen Newsletter beziehen \nm\u00f6chten, ben\u00f6tigen wir von Ihnen eine E-Mail-Adresse sowie \nInformationen, welche uns die \u00dcberpr\u00fcfung gestatten, dass Sie der \nInhaber der angegebenen E-Mail-Adresse sind und mit dem Empfang des \nNewsletters einverstanden sind. Weitere Daten werden nicht erhoben. \nDiese Daten verwenden wir ausschlie\u00dflich f\u00fcr den Versand der \nangeforderten Informationen und geben sie nicht an Dritte weiter.<\/p>\n\n\n\n<p>Die erteilte Einwilligung zur Speicherung der Daten, der \nE-Mail-Adresse sowie deren Nutzung zum Versand des Newsletters k\u00f6nnen \nSie jederzeit widerrufen , etwa \u00fcber den \u201eAustragen\u201c-Link im Newsletter.<\/p>\n","protected":false},"excerpt":{"rendered":"<p>Informationspflicht laut \u00a75 E-Commerce Gesetz, \u00a714 Unternehmensgesetzbuch, \u00a763 Gewerbeordnung und Offenlegungspflicht laut \u00a725 Mediengesetz: OfficeMaxx IBC GmbH Team QualiMaxx \u2013 Agentur f\u00fcr Dialogmarketing Gesch\u00e4ftsf\u00fchrerin: Annette Hill-Wolf Hauptsitz Industriestra\u00dfe 36 D-55543 Bad Kreuznach Zweigniederlassung Weidenbornstr. 8A D-65189 Wiesbaden Amtsgericht Bad Kreuznach; HRB 20593 Steuernummer: 06|650|1048|2 Kontakt: Telefon: 0611 565 92771 Telefax: 0611 565 92772 E-Mail: kontakt@qualimaxx.de [&hellip;]<\/p>\n","protected":false},"author":1,"featured_media":24,"parent":0,"menu_order":0,"comment_status":"closed","ping_status":"closed","template":"","meta":[],"_links":{"self":[{"href":"https:\/\/qualimaxx.de\/index.php\/wp-json\/wp\/v2\/pages\/806"}],"collection":[{"href":"https:\/\/qualimaxx.de\/index.php\/wp-json\/wp\/v2\/pages"}],"about":[{"href":"https:\/\/qualimaxx.de\/index.php\/wp-json\/wp\/v2\/types\/page"}],"author":[{"embeddable":true,"href":"https:\/\/qualimaxx.de\/index.php\/wp-json\/wp\/v2\/users\/1"}],"replies":[{"embeddable":true,"href":"https:\/\/qualimaxx.de\/index.php\/wp-json\/wp\/v2\/comments?post=806"}],"version-history":[{"count":2,"href":"https:\/\/qualimaxx.de\/index.php\/wp-json\/wp\/v2\/pages\/806\/revisions"}],"predecessor-version":[{"id":833,"href":"https:\/\/qualimaxx.de\/index.php\/wp-json\/wp\/v2\/pages\/806\/revisions\/833"}],"wp:featuredmedia":[{"embeddable":true,"href":"https:\/\/qualimaxx.de\/index.php\/wp-json\/wp\/v2\/media\/24"}],"wp:attachment":[{"href":"https:\/\/qualimaxx.de\/index.php\/wp-json\/wp\/v2\/media?parent=806"}],"curies":[{"name":"wp","href":"https:\/\/api.w.org\/{rel}","templated":true}]}}